{"id":97,"date":"2018-09-30T12:49:52","date_gmt":"2018-09-30T12:49:52","guid":{"rendered":"http:\/\/gesuma.net\/?page_id=97"},"modified":"2018-09-30T12:49:52","modified_gmt":"2018-09-30T12:49:52","slug":"sportkurse","status":"publish","type":"page","link":"http:\/\/gesuma.net\/?page_id=97","title":{"rendered":"Sportkurse"},"content":{"rendered":"<div id=\"pl-97\"  class=\"panel-layout\" ><div id=\"pg-97-0\"  class=\"panel-grid panel-no-style\" ><div id=\"pgc-97-0-0\"  class=\"panel-grid-cell\" ><div id=\"panel-97-0-0-0\" class=\"so-panel widget widget_sow-headline panel-first-child\" data-index=\"0\" ><div\n\t\t\t\n\t\t\tclass=\"so-widget-sow-headline so-widget-sow-headline-default-1662e6b1b653-97\"\n\t\t\t\n\t\t><div class=\"sow-headline-container \">\n\t\t\t\t\t\t\t<h1 class=\"sow-headline\">\n\t\t\t\t\t\tSPORTKURSE\t\t\t\t\t\t<\/h1>\n\t\t\t\t\t\t<\/div>\n<\/div><\/div><div id=\"panel-97-0-0-1\" class=\"so-panel widget widget_sow-editor panel-last-child\" data-index=\"1\" ><div\n\t\t\t\n\t\t\tclass=\"so-widget-sow-editor so-widget-sow-editor-base\"\n\t\t\t\n\t\t>\n<div class=\"siteorigin-widget-tinymce textwidget\">\n\t<div id=\"panel-65-1-0-1\" class=\"so-panel widget widget_sow-editor panel-last-child\" data-index=\"2\">\n<div class=\"so-widget-sow-editor so-widget-sow-editor-base\">\n<div class=\"siteorigin-widget-tinymce textwidget\">\n<h1 style=\"text-align: center;\"><strong>Gruppenfitness mit Personal Trainer.<\/strong><\/h1>\n<h1 style=\"text-align: center;\">Trainieren Sie mit in einem der effektivsten Gruppenfitnesskurse: PARKATHLETIK (Ein Konzept von GESUMA).<\/h1>\n<h1 style=\"text-align: center;\">PARKATHLETIK ist ein hochwirksames Funktionelles Gruppenfitnesskonzept orientiert an den hohen Standards des Personal Trainings. Sie trainieren in Kleingruppen mit bis zu 16 Teilnehmern. An unterschiedlichen Kraftstationen werden Ihre Muskeln gest\u00e4rkt. Zwischen diesen Kr\u00e4ftigungseinheiten wird Ihr Herz-Kreislauf-System durch Laufen, Sprinten und Spr\u00fcnge herausgefordert. Durch die \u00dcbungsauswahl wird Ihr K\u00f6rper neu gefordert. Egal, ob Einsteiger oder Fortgeschrittener \u2013 Sie setzen neue Trainingsimpulse, werden st\u00e4rker und fitter, verbrennen K\u00f6rperfett, haben Spa\u00df und vor allem erzielen Ergebnisse.<\/h1>\n<h1 style=\"text-align: center;\"><strong>F\u00fcr alle Altersklassen- und Leistungslevels geeignet<\/strong><\/h1>\n<h1 style=\"text-align: center;\">Alle Informationen erhalten Sie auf <a href=\"http:\/\/www.parkathletik.de\">www.parkathletik.de <\/a><\/h1>\n<\/div>\n<\/div>\n<\/div>\n<h1 style=\"text-align: center;\">Kontaktieren Sie uns noch heute <strong>06192 - 20 60 211<\/strong><\/h1>\n<\/div>\n<\/div><\/div><\/div><\/div><\/div>","protected":false},"excerpt":{"rendered":"<p>Gruppenfitness mit Personal Trainer. Trainieren Sie mit in einem der effektivsten Gruppenfitnesskurse: PARKATHLETIK (Ein Konzept von GESUMA). PARKATHLETIK ist ein hochwirksames Funktionelles Gruppenfitnesskonzept orientiert an den hohen Standards des Personal Trainings. Sie trainieren in Kleingruppen mit bis zu 16 Teilnehmern. An unterschiedlichen Kraftstationen werden Ihre Muskeln gest\u00e4rkt. Zwischen diesen Kr\u00e4ftigungseinheiten wird Ihr Herz-Kreislauf-System durch Laufen, Sprinten und Spr\u00fcnge herausgefordert. Durch&hellip;<\/p>\n","protected":false},"author":1,"featured_media":0,"parent":0,"menu_order":0,"comment_status":"closed","ping_status":"closed","template":"","meta":{"footnotes":""},"class_list":["post-97","page","type-page","status-publish","hentry"],"_links":{"self":[{"href":"http:\/\/gesuma.net\/index.php?rest_route=\/wp\/v2\/pages\/97","targetHints":{"allow":["GET"]}}],"collection":[{"href":"http:\/\/gesuma.net\/index.php?rest_route=\/wp\/v2\/pages"}],"about":[{"href":"http:\/\/gesuma.net\/index.php?rest_route=\/wp\/v2\/types\/page"}],"author":[{"embeddable":true,"href":"http:\/\/gesuma.net\/index.php?rest_route=\/wp\/v2\/users\/1"}],"replies":[{"embeddable":true,"href":"http:\/\/gesuma.net\/index.php?rest_route=%2Fwp%2Fv2%2Fcomments&post=97"}],"version-history":[{"count":1,"href":"http:\/\/gesuma.net\/index.php?rest_route=\/wp\/v2\/pages\/97\/revisions"}],"predecessor-version":[{"id":98,"href":"http:\/\/gesuma.net\/index.php?rest_route=\/wp\/v2\/pages\/97\/revisions\/98"}],"wp:attachment":[{"href":"http:\/\/gesuma.net\/index.php?rest_route=%2Fwp%2Fv2%2Fmedia&parent=97"}],"curies":[{"name":"wp","href":"https:\/\/api.w.org\/{rel}","templated":true}]}}